{"id":69,"date":"2022-06-14T15:29:07","date_gmt":"2022-06-14T18:29:07","guid":{"rendered":"https:\/\/membrossbh.builderallwppro.com\/?page_id=69"},"modified":"2025-01-13T17:21:54","modified_gmt":"2025-01-13T20:21:54","slug":"membership-levels","status":"publish","type":"page","link":"https:\/\/membrossbh.builderallwppro.com\/?page_id=69","title":{"rendered":"Associe-se"},"content":{"rendered":"\t\t<div data-elementor-type=\"wp-page\" data-elementor-id=\"69\" class=\"elementor elementor-69\">\n\t\t\t\t\t\t<section class=\"elementor-section elementor-top-section elementor-element elementor-element-66a9cdd elementor-section-boxed elementor-section-height-default elementor-section-height-default\" data-id=\"66a9cdd\" data-element_type=\"section\">\n\t\t\t\t\t\t<div class=\"elementor-container elementor-column-gap-default\">\n\t\t\t\t\t<div class=\"elementor-column elementor-col-100 elementor-top-column elementor-element elementor-element-cedd04c\" data-id=\"cedd04c\" data-element_type=\"column\">\n\t\t\t<div class=\"elementor-widget-wrap elementor-element-populated\">\n\t\t\t\t\t\t\t<\/div>\n\t\t<\/div>\n\t\t\t\t\t<\/div>\n\t\t<\/section>\n\t\t\t\t<section class=\"elementor-section elementor-top-section elementor-element elementor-element-6f712cd8 elementor-section-boxed elementor-section-height-default elementor-section-height-default\" data-id=\"6f712cd8\" data-element_type=\"section\">\n\t\t\t\t\t\t<div class=\"elementor-container elementor-column-gap-default\">\n\t\t\t\t\t<div class=\"elementor-column elementor-col-100 elementor-top-column elementor-element elementor-element-3c716913\" data-id=\"3c716913\" data-element_type=\"column\">\n\t\t\t<div class=\"elementor-widget-wrap elementor-element-populated\">\n\t\t\t\t\t\t<div class=\"elementor-element elementor-element-4fcabd02 elementor-widget elementor-widget-text-editor\" data-id=\"4fcabd02\" data-element_type=\"widget\" data-widget_type=\"text-editor.default\">\n\t\t\t\t<div class=\"elementor-widget-container\">\n\t\t\t\t\t\t\t<ul>\n<li style=\"list-style-type: none;\">\n<ul><!-- wp:list-item --><\/ul>\n<\/li>\n<li>\u00a0Ao se associar \u00e0 <strong style=\"font-family: var(--list--font-family); color: var( --e-global-color-text );\">Sociedade Brasileira de Herpetologia (SBH)<\/strong><span style=\"font-family: var(--list--font-family); color: var( --e-global-color-text );\">, al\u00e9m de ter acesso aos in\u00fameros benef\u00edcios dos associados, voc\u00ea tamb\u00e9m estar\u00e1 sustentando uma comunidade cient\u00edfica, onde informa\u00e7\u00f5es dos diversos campos da herpetologia brasileira s\u00e3o compartilhadas e integradas.<br \/><br \/><\/span><\/li>\n<\/ul>\n<p><!-- \/wp:list-item --><!-- wp:list-item --><\/p>\n<ul>\n<li>Sua associa\u00e7\u00e3o apoia diversas atividades como a produ\u00e7\u00e3o do peri\u00f3dico cient\u00edfico <strong>South American Journal of Herpetology<\/strong> e do peri\u00f3dico de divulga\u00e7\u00e3o cient\u00edfica <strong>Herpetologia Brasileira<\/strong>, a organiza\u00e7\u00e3o de nossos Congressos, o oferecimento de <strong>cursos para profissionais e professores do ensino p\u00fablico fundamental e m\u00e9dio, palestras e mentorias cient\u00edficas<\/strong>, e a intera\u00e7\u00e3o da rede de cientistas brasileiros e mundiais.<\/li>\n<\/ul>\n<div><span style=\"font-family: -apple-system, BlinkMacSystemFont, Segoe UI, Roboto, Oxygen-Sans, Ubuntu, Cantarell, Helvetica Neue, sans-serif;\">\u00a0<\/span><\/div>\n<p><!-- \/wp:list-item --><\/p>\n<p><!-- \/wp:list --><!-- wp:paragraph --><\/p>\n<p><strong>Venha fazer parte de uma comunidade de herpet\u00f3logos e herpet\u00f3logas e junte-se a um grupo de cientistas que buscam, n\u00e3o apenas produzir conhecimento, mas compartilhar e divulgar esse conhecimento para o p\u00fablico mais amplo poss\u00edvel, e que tem como algumas de suas metas a conserva\u00e7\u00e3o ambiental e a igualdade entre grupos sub-representados na ci\u00eancia.<\/strong><\/p>\n<p><!-- \/wp:paragraph --><\/p>\n<p><!-- wp:paragraph --><\/p>\n<p><!-- \/wp:paragraph --><\/p>\t\t\t\t\t\t<\/div>\n\t\t\t\t<\/div>\n\t\t\t\t<div class=\"elementor-element elementor-element-39359f5 elementor-widget elementor-widget-shortcode\" data-id=\"39359f5\" data-element_type=\"widget\" data-widget_type=\"shortcode.default\">\n\t\t\t\t<div class=\"elementor-widget-container\">\n\t\t\t\t\t<div class=\"elementor-shortcode\">[pmpro_levels]<\/div>\n\t\t\t\t<\/div>\n\t\t\t\t<\/div>\n\t\t\t\t\t<\/div>\n\t\t<\/div>\n\t\t\t\t\t<\/div>\n\t\t<\/section>\n\t\t\t\t<\/div>\n\t\t","protected":false},"excerpt":{"rendered":"<p>Venha fazer parte de uma comunidade de herpet\u00f3logos e herpet\u00f3logas e junte-se a um grupo de cientistas que buscam, n\u00e3o apenas produzir conhecimento, mas compartilhar e divulgar esse conhecimento para o p\u00fablico mais amplo poss\u00edvel, e que tem como algumas de suas metas a conserva\u00e7\u00e3o ambiental e a igualdade entre grupos sub-representados na ci\u00eancia. [pmpro_levels]<\/p>\n","protected":false},"author":1,"featured_media":0,"parent":63,"menu_order":0,"comment_status":"closed","ping_status":"closed","template":"elementor_header_footer","meta":{"pmpro_default_level":"","footnotes":""},"class_list":["post-69","page","type-page","status-publish","hentry","pmpro-has-access","entry"],"_links":{"self":[{"href":"https:\/\/membrossbh.builderallwppro.com\/index.php?rest_route=\/wp\/v2\/pages\/69","targetHints":{"allow":["GET"]}}],"collection":[{"href":"https:\/\/membrossbh.builderallwppro.com\/index.php?rest_route=\/wp\/v2\/pages"}],"about":[{"href":"https:\/\/membrossbh.builderallwppro.com\/index.php?rest_route=\/wp\/v2\/types\/page"}],"author":[{"embeddable":true,"href":"https:\/\/membrossbh.builderallwppro.com\/index.php?rest_route=\/wp\/v2\/users\/1"}],"replies":[{"embeddable":true,"href":"https:\/\/membrossbh.builderallwppro.com\/index.php?rest_route=%2Fwp%2Fv2%2Fcomments&post=69"}],"version-history":[{"count":20,"href":"https:\/\/membrossbh.builderallwppro.com\/index.php?rest_route=\/wp\/v2\/pages\/69\/revisions"}],"predecessor-version":[{"id":320,"href":"https:\/\/membrossbh.builderallwppro.com\/index.php?rest_route=\/wp\/v2\/pages\/69\/revisions\/320"}],"up":[{"embeddable":true,"href":"https:\/\/membrossbh.builderallwppro.com\/index.php?rest_route=\/wp\/v2\/pages\/63"}],"wp:attachment":[{"href":"https:\/\/membrossbh.builderallwppro.com\/index.php?rest_route=%2Fwp%2Fv2%2Fmedia&parent=69"}],"curies":[{"name":"wp","href":"https:\/\/api.w.org\/{rel}","templated":true}]}}