{"id":167,"date":"2023-07-25T18:36:34","date_gmt":"2023-07-25T21:36:34","guid":{"rendered":"https:\/\/membrossbh.builderallwppro.com\/?page_id=167"},"modified":"2023-08-04T16:52:19","modified_gmt":"2023-08-04T19:52:19","slug":"nova-home","status":"publish","type":"page","link":"https:\/\/membrossbh.builderallwppro.com\/","title":{"rendered":"Nova Home"},"content":{"rendered":"<div class=\"pmpro\"><div class=\"pmpro_card pmpro_content_message\"><div class=\"pmpro_card_content\">Conte\u00fado dispon\u00edvel apenas sob Associa\u00e7\u00e3o estudantes gradua\u00e7\u00e3o, Associa\u00e7\u00e3o estudantes p\u00f3s-gradua\u00e7\u00e3o, e Associa\u00e7\u00e3o profissionais herpet\u00f3logos.<br \/><a href=\"https:\/\/membrossbh.builderallwppro.com\/?page_id=69\">Join Now<\/a><\/div><div class=\"pmpro_card_actions pmpro_font-medium\">Already a member? <a href=\"https:\/\/membrossbh.builderallwppro.com\/?page_id=70&#038;redirect_to=https%3A%2F%2Fmembrossbh.builderallwppro.com%2F%3Fp%3D308\">Fazer Login<\/a><\/div><\/div><\/div>","protected":false},"excerpt":{"rendered":"<div class=\"pmpro\"><div class=\"pmpro_card pmpro_content_message\"><div class=\"pmpro_card_content\">Conte\u00fado dispon\u00edvel apenas sob Associa\u00e7\u00e3o estudantes gradua\u00e7\u00e3o, Associa\u00e7\u00e3o estudantes p\u00f3s-gradua\u00e7\u00e3o, e Associa\u00e7\u00e3o profissionais herpet\u00f3logos.<br \/><a href=\"https:\/\/membrossbh.builderallwppro.com\/?page_id=69\">Join Now<\/a><\/div><div class=\"pmpro_card_actions pmpro_font-medium\">Already a member? <a href=\"https:\/\/membrossbh.builderallwppro.com\/?page_id=70&#038;redirect_to=https%3A%2F%2Fmembrossbh.builderallwppro.com%2F%3Fp%3D308\">Fazer Login<\/a><\/div><\/div><\/div>","protected":false},"author":1,"featured_media":0,"parent":0,"menu_order":0,"comment_status":"closed","ping_status":"closed","template":"elementor_canvas","meta":{"pmpro_default_level":"","footnotes":""},"class_list":["post-167","page","type-page","status-publish","hentry","pmpro-has-access","entry"],"_links":{"self":[{"href":"https:\/\/membrossbh.builderallwppro.com\/index.php?rest_route=\/wp\/v2\/pages\/167","targetHints":{"allow":["GET"]}}],"collection":[{"href":"https:\/\/membrossbh.builderallwppro.com\/index.php?rest_route=\/wp\/v2\/pages"}],"about":[{"href":"https:\/\/membrossbh.builderallwppro.com\/index.php?rest_route=\/wp\/v2\/types\/page"}],"author":[{"embeddable":true,"href":"https:\/\/membrossbh.builderallwppro.com\/index.php?rest_route=\/wp\/v2\/users\/1"}],"replies":[{"embeddable":true,"href":"https:\/\/membrossbh.builderallwppro.com\/index.php?rest_route=%2Fwp%2Fv2%2Fcomments&post=167"}],"version-history":[{"count":40,"href":"https:\/\/membrossbh.builderallwppro.com\/index.php?rest_route=\/wp\/v2\/pages\/167\/revisions"}],"predecessor-version":[{"id":275,"href":"https:\/\/membrossbh.builderallwppro.com\/index.php?rest_route=\/wp\/v2\/pages\/167\/revisions\/275"}],"wp:attachment":[{"href":"https:\/\/membrossbh.builderallwppro.com\/index.php?rest_route=%2Fwp%2Fv2%2Fmedia&parent=167"}],"curies":[{"name":"wp","href":"https:\/\/api.w.org\/{rel}","templated":true}]}}